{"id":4078,"date":"2014-06-05T12:24:18","date_gmt":"2014-06-05T10:24:18","guid":{"rendered":"https:\/\/www.kliux.com\/?page_id=4078"},"modified":"2019-10-17T13:35:18","modified_gmt":"2019-10-17T11:35:18","slug":"kliux-zebra","status":"publish","type":"page","link":"https:\/\/www.kliux.com\/en\/kliux-zebra\/","title":{"rendered":"KLiUX Zebra"},"content":{"rendered":"<p>&nbsp;<\/p>\n<p>Nuestras soluciones te proporcionaran<strong> ahorro econ\u00f3mico<\/strong> y <strong>autonom\u00eda energ\u00e9tica los 365 d\u00edas del a\u00f1o<\/strong>. Te proporcionaremos toda la informaci\u00f3n necesaria y te <strong>asesoraremos sin coste <\/strong>sobre las mejores opciones para tu caso particular o tu negocio.<\/p>\n<p>&nbsp;<\/p>\n<h2>Reserva tu Kliux Zebra antes final de a\u00f1o y te regalamos un anem\u00f3metro y c\u00e1mara web WiFi<\/h2>\n<p>\n<div class=\"wpcf7 no-js\" id=\"wpcf7-f4287-o1\" lang=\"en-US\" dir=\"ltr\">\n<div class=\"screen-reader-response\"><p role=\"status\" aria-live=\"polite\" aria-atomic=\"true\"><\/p> <ul><\/ul><\/div>\n<form action=\"\/en\/wp-json\/wp\/v2\/pages\/4078#wpcf7-f4287-o1\" method=\"post\" class=\"wpcf7-form init\" aria-label=\"Contact form\" novalidate=\"novalidate\" data-status=\"init\">\n<div style=\"display: none;\">\n<input type=\"hidden\" name=\"_wpcf7\" value=\"4287\" \/>\n<input type=\"hidden\" name=\"_wpcf7_version\" value=\"5.9.8\" \/>\n<input type=\"hidden\" name=\"_wpcf7_locale\" value=\"en_US\" \/>\n<input type=\"hidden\" name=\"_wpcf7_unit_tag\" value=\"wpcf7-f4287-o1\" \/>\n<input type=\"hidden\" name=\"_wpcf7_container_post\" value=\"0\" \/>\n<input type=\"hidden\" name=\"_wpcf7_posted_data_hash\" value=\"\" \/>\n<input type=\"hidden\" name=\"_wpcf7_recaptcha_response\" value=\"\" \/>\n<\/div>\n<p><label for=\"nombre\"><span class=\"field\">NOMBRE*<\/span><\/label><span class=\"wpcf7-form-control-wrap\" data-name=\"nombre\"><input size=\"40\" maxlength=\"400\" class=\"wpcf7-form-control wpcf7-text wpcf7-validates-as-required nombre\" id=\"nombre\" aria-required=\"true\" aria-invalid=\"false\" value=\"\" type=\"text\" name=\"nombre\" \/><\/span>\n<\/p>\n<p><label for=\"email\"><span class=\"field\">E-MAIL*<\/span><\/label><span class=\"wpcf7-form-control-wrap\" data-name=\"email\"><input size=\"40\" maxlength=\"400\" class=\"wpcf7-form-control wpcf7-text wpcf7-validates-as-required email\" id=\"email\" aria-required=\"true\" aria-invalid=\"false\" value=\"\" type=\"text\" name=\"email\" \/><\/span>\n<\/p>\n<p><label for=\"telefono\"><span class=\"field\">TEL\u00c9FONO*<\/span><\/label><span class=\"wpcf7-form-control-wrap\" data-name=\"telefono\"><input size=\"40\" maxlength=\"400\" class=\"wpcf7-form-control wpcf7-text wpcf7-validates-as-required telefono\" id=\"telefono\" aria-required=\"true\" aria-invalid=\"false\" value=\"\" type=\"text\" name=\"telefono\" \/><\/span>\n<\/p>\n<p><label for=\"provincia\"><span class=\"field\">PROVINCIA<\/span><\/label><span class=\"wpcf7-form-control-wrap\" data-name=\"menu-463\"><select class=\"wpcf7-form-control wpcf7-select\" aria-invalid=\"false\" name=\"menu-463\"><option value=\"Albacete\">Albacete<\/option><option value=\"Alicante\/Alacant\">Alicante\/Alacant<\/option><option value=\"Almer\u00eda\">Almer\u00eda<\/option><option value=\"Araba\/\u00c1lava\">Araba\/\u00c1lava<\/option><option value=\"Asturias\">Asturias<\/option><option value=\"\u00c1vila\">\u00c1vila<\/option><option value=\"Badajoz\">Badajoz<\/option><option value=\"Balears, Illes\">Balears, Illes<\/option><option value=\"Barcelona\">Barcelona<\/option><option value=\"Bizkaia\">Bizkaia<\/option><option value=\"Burgos\">Burgos<\/option><option value=\"C\u00e1ceres\">C\u00e1ceres<\/option><option value=\"C\u00e1diz\">C\u00e1diz<\/option><option value=\"Cantabria\">Cantabria<\/option><option value=\"Castell\u00f3n\/Castell\u00f3\">Castell\u00f3n\/Castell\u00f3<\/option><option value=\"Ciudad Real\">Ciudad Real<\/option><option value=\"C\u00f3rdoba\">C\u00f3rdoba<\/option><option value=\"Coru\u00f1a, A\">Coru\u00f1a, A<\/option><option value=\"Cuenca\">Cuenca<\/option><option value=\"Gipuzkoa\">Gipuzkoa<\/option><option value=\"Girona\">Girona<\/option><option value=\"Granada\">Granada<\/option><option value=\"Guadalajara\">Guadalajara<\/option><option value=\"Huelva\">Huelva<\/option><option value=\"Huesca\">Huesca<\/option><option value=\"Ja\u00e9n\">Ja\u00e9n<\/option><option value=\"Le\u00f3n\">Le\u00f3n<\/option><option value=\"Lleida\">Lleida<\/option><option value=\"Lugo\">Lugo<\/option><option value=\"Madrid\">Madrid<\/option><option value=\"M\u00e1laga\">M\u00e1laga<\/option><option value=\"Murcia\">Murcia<\/option><option value=\"Navarra\">Navarra<\/option><option value=\"Ourense\">Ourense<\/option><option value=\"Palencia\">Palencia<\/option><option value=\"Palmas, Las\">Palmas, Las<\/option><option value=\"Pontevedra\">Pontevedra<\/option><option value=\"Rioja, La\">Rioja, La<\/option><option value=\"Salamanca\">Salamanca<\/option><option value=\"Santa Cruz de Tenerife\">Santa Cruz de Tenerife<\/option><option value=\"Segovia\">Segovia<\/option><option value=\"Sevilla\">Sevilla<\/option><option value=\"Soria\">Soria<\/option><option value=\"Tarragona\">Tarragona<\/option><option value=\"Teruel\">Teruel<\/option><option value=\"Toledo\">Toledo<\/option><option value=\"Valencia\/Val\u00e9ncia\">Valencia\/Val\u00e9ncia<\/option><option value=\"Valladolid\">Valladolid<\/option><option value=\"Zamora\">Zamora<\/option><option value=\"Zaragoza\">Zaragoza<\/option><option value=\"Ceuta\">Ceuta<\/option><option value=\"Melilla\">Melilla<\/option><option value=\"--\">--<\/option><option value=\"Portugal\">Portugal<\/option><\/select><\/span>\n<\/p>\n<p><label for=\"unidades\"><span class=\"field\">UNIDADES<\/span><\/label><span class=\"wpcf7-form-control-wrap\" data-name=\"menu-634\"><select class=\"wpcf7-form-control wpcf7-select wpcf7-validates-as-required\" aria-required=\"true\" aria-invalid=\"false\" name=\"menu-634\"><option value=\"1\">1<\/option><option value=\"2\">2<\/option><option value=\"3\">3<\/option><option value=\"4\">4<\/option><option value=\"5\">5<\/option><option value=\"6\">6<\/option><option value=\"7\">7<\/option><option value=\"8\">8<\/option><option value=\"9\">9<\/option><option value=\"10\">10<\/option><\/select><\/span>\n<\/p>\n<p><label for=\"comentario\"><span class=\"field\">COMENTARIO<\/span><\/label><span class=\"wpcf7-form-control-wrap\" data-name=\"comentario\"><textarea cols=\"40\" rows=\"10\" maxlength=\"2000\" class=\"wpcf7-form-control wpcf7-textarea comentario\" id=\"comentario\" aria-invalid=\"false\" name=\"comentario\"><\/textarea><\/span>\n<\/p>\n<p>Acepto <a rel=\"clearbox[height=500, width=700]\" href=\"\/politica-de-privacidad\/\">Pol\u00edtica de Privacidad<\/a><span class=\"wpcf7-form-control-wrap\" data-name=\"acceptance\"><span class=\"wpcf7-form-control wpcf7-acceptance\"><span class=\"wpcf7-list-item\"><input type=\"checkbox\" name=\"acceptance\" value=\"1\" class=\"acceptance\" aria-invalid=\"false\" \/><\/span><\/span><\/span><br \/>\n<a href=\"https:\/\/www.kliux.com\/aviso-legal-2\/#condiciones\" target=\"_blank\">Consulte las condiciones de la promoci\u00f3n<\/a>\n<\/p>\n<p style=\"text-align: right\"><input class=\"wpcf7-form-control wpcf7-submit has-spinner submit\" id=\"submit\" type=\"submit\" value=\"Enviar\" \/>\n<\/p><div class=\"wpcf7-response-output\" aria-hidden=\"true\"><\/div>\n<\/form>\n<\/div>\n<a href=\"https:\/\/www.youtube.com\/watch?v=Z_gJMqITGLg\">New KLiUX Zebra <\/a><\/p>\n<p>Desde <strong>s\u00f3lo 14.128 \u20ac<\/strong> puedes disfrutar de un KLiUX Zebra exclusivo. Ll\u00e1manos y <strong>consulta nuestras condiciones especiales <\/strong> de esta promoci\u00f3n en nuestro tel\u00e9fono <strong>941 582042 <\/strong>o a trav\u00e9s de nuestro email <a href=\"mailto:info@kliux.com\">info@kliux.com<\/a><\/p>\n<p>&nbsp;<\/p>\n<p>&nbsp;<\/p>\n<h2>Ejemplos de instalaciones<\/h2>\n<p><a href=\"https:\/\/www.kliux.com\/wp-content\/uploads\/2014\/06\/dolmar_zebra_121213_0001.jpg\"><img loading=\"lazy\" decoding=\"async\" class=\"alignleft size-thumbnail wp-image-4096\" title=\"Sistema H\u00edbrido Kliux Energies\" src=\"https:\/\/www.kliux.com\/wp-content\/uploads\/2014\/06\/dolmar_zebra_121213_0001-150x150.jpg\" alt=\"Sistema H\u00edbrido Kliux Energies\" width=\"150\" height=\"150\" \/><\/a><a href=\"https:\/\/www.kliux.com\/wp-content\/uploads\/2014\/06\/RiojaAltaGolf_241213_0003.jpg\"><img loading=\"lazy\" decoding=\"async\" class=\"alignleft size-thumbnail wp-image-4097\" title=\"Kliux Zebra\" src=\"https:\/\/www.kliux.com\/wp-content\/uploads\/2014\/06\/RiojaAltaGolf_241213_0003-150x150.jpg\" alt=\"Kliux Zebra\" width=\"150\" height=\"150\" \/><\/a><a href=\"https:\/\/www.kliux.com\/wp-content\/uploads\/2014\/06\/Portonovo_0020.jpg\"><img loading=\"lazy\" decoding=\"async\" class=\"alignleft size-thumbnail wp-image-4098\" title=\"Kliux Enrgies. Porto Novo\" src=\"https:\/\/www.kliux.com\/wp-content\/uploads\/2014\/06\/Portonovo_0020-150x150.jpg\" alt=\"Kliux Enrgies. Porto Novo\" width=\"150\" height=\"150\" \/><\/a><a href=\"https:\/\/www.kliux.com\/wp-content\/uploads\/2014\/06\/Ribadeo_0003.jpg\"><img loading=\"lazy\" decoding=\"async\" class=\"alignleft size-thumbnail wp-image-4099\" title=\"Ribadeo Kliux Energies\" src=\"https:\/\/www.kliux.com\/wp-content\/uploads\/2014\/06\/Ribadeo_0003-150x150.jpg\" alt=\"Ribadeo Kliux Energies\" width=\"150\" height=\"150\" \/><\/a><a href=\"https:\/\/www.kliux.com\/wp-content\/uploads\/2014\/06\/dolmar_zebra_180514_0023.jpg\"><img loading=\"lazy\" decoding=\"async\" class=\"alignleft size-thumbnail wp-image-4100\" title=\"Kliux Sistema H\u00edbrido\" src=\"https:\/\/www.kliux.com\/wp-content\/uploads\/2014\/06\/dolmar_zebra_180514_0023-150x150.jpg\" alt=\"Sistema H\u00edbrido Kliux Energies\" width=\"150\" height=\"150\" \/><\/a><\/p>\n<p>&nbsp;<\/p>\n<p>&nbsp;<\/p>\n<p>&nbsp;<\/p>\n<p>&nbsp;<\/p>\n<p>&nbsp;<\/p>\n<p><a href=\"https:\/\/www.kliux.com\/wp-content\/uploads\/2014\/06\/Torre_de_la_Calma_0008.jpg\"><img loading=\"lazy\" decoding=\"async\" class=\"alignleft size-thumbnail wp-image-4102\" title=\"Kliux Energies\" src=\"https:\/\/www.kliux.com\/wp-content\/uploads\/2014\/06\/Torre_de_la_Calma_0008-150x150.jpg\" alt=\"Kliux Energies\" width=\"150\" height=\"150\" \/><\/a><a href=\"https:\/\/www.kliux.com\/wp-content\/uploads\/2014\/06\/La_Alcaidesa_Golf_ZEBRA_0004.jpg\"><img loading=\"lazy\" decoding=\"async\" class=\"alignleft size-thumbnail wp-image-4103\" title=\"La Alcaidesa Golf - Kliux Zebra\" src=\"https:\/\/www.kliux.com\/wp-content\/uploads\/2014\/06\/La_Alcaidesa_Golf_ZEBRA_0004-150x150.jpg\" alt=\"La Alcaidesa Golf - Kliux Zebra\" width=\"150\" height=\"150\" \/><\/a><a href=\"https:\/\/www.kliux.com\/wp-content\/uploads\/2014\/06\/Hotel_Urune_0005.jpg\"><img loading=\"lazy\" decoding=\"async\" class=\"alignleft size-thumbnail wp-image-4104\" title=\"Placas Solares Fotovoltaicas\" src=\"https:\/\/www.kliux.com\/wp-content\/uploads\/2014\/06\/Hotel_Urune_0005-150x150.jpg\" alt=\"Placas Solares Fotovoltaicas\" width=\"150\" height=\"150\" \/><\/a><a href=\"https:\/\/www.kliux.com\/wp-content\/uploads\/2014\/06\/Hotel_Urune_0008.jpg\"><img loading=\"lazy\" decoding=\"async\" class=\"alignleft size-thumbnail wp-image-4105\" title=\"Aerogenerador de eje vertical\" src=\"https:\/\/www.kliux.com\/wp-content\/uploads\/2014\/06\/Hotel_Urune_0008-150x150.jpg\" alt=\"Aerogenerador de eje vertical\" width=\"150\" height=\"150\" \/><\/a><\/p>\n","protected":false},"excerpt":{"rendered":"<p>&nbsp; Nuestras soluciones te proporcionaran ahorro econ\u00f3mico y autonom\u00eda energ\u00e9tica los 365 d\u00edas del a\u00f1o. Te proporcionaremos toda la informaci\u00f3n necesaria y te asesoraremos sin coste sobre las mejores opciones para tu caso particular o tu negocio. &nbsp; Reserva tu Kliux Zebra antes final de a\u00f1o y te regalamos un anem\u00f3metro y c\u00e1mara web WiFi&#8230;<\/p>\n","protected":false},"author":1,"featured_media":0,"parent":0,"menu_order":0,"comment_status":"closed","ping_status":"closed","template":"","meta":{"inline_featured_image":false,"_monsterinsights_skip_tracking":false,"_monsterinsights_sitenote_active":false,"_monsterinsights_sitenote_note":"","_monsterinsights_sitenote_category":0,"_kadence_starter_templates_imported_post":false,"footnotes":""},"_links":{"self":[{"href":"https:\/\/www.kliux.com\/en\/wp-json\/wp\/v2\/pages\/4078"}],"collection":[{"href":"https:\/\/www.kliux.com\/en\/wp-json\/wp\/v2\/pages"}],"about":[{"href":"https:\/\/www.kliux.com\/en\/wp-json\/wp\/v2\/types\/page"}],"author":[{"embeddable":true,"href":"https:\/\/www.kliux.com\/en\/wp-json\/wp\/v2\/users\/1"}],"replies":[{"embeddable":true,"href":"https:\/\/www.kliux.com\/en\/wp-json\/wp\/v2\/comments?post=4078"}],"version-history":[{"count":30,"href":"https:\/\/www.kliux.com\/en\/wp-json\/wp\/v2\/pages\/4078\/revisions"}],"predecessor-version":[{"id":4092,"href":"https:\/\/www.kliux.com\/en\/wp-json\/wp\/v2\/pages\/4078\/revisions\/4092"}],"wp:attachment":[{"href":"https:\/\/www.kliux.com\/en\/wp-json\/wp\/v2\/media?parent=4078"}],"curies":[{"name":"wp","href":"https:\/\/api.w.org\/{rel}","templated":true}]}}