{"id":3924,"date":"2014-03-27T17:55:10","date_gmt":"2014-03-27T15:55:10","guid":{"rendered":"https:\/\/www.kliux.com\/?page_id=3924"},"modified":"2022-01-14T13:11:56","modified_gmt":"2022-01-14T11:11:56","slug":"montajes-electricos-hermanos-baraldes","status":"publish","type":"page","link":"https:\/\/www.kliux.com\/en\/galeria\/montajes-electricos-hermanos-baraldes\/","title":{"rendered":"Montajes El\u00e9ctricos Hermanos Barald\u00e9s"},"content":{"rendered":"<p><\/p>\n<table style=\"margin-top: -10px;\" width=\"640\">\n<tbody>\n<tr>\n<td style=\"text-align: center;\" width=\"25%\"><a href=\"https:\/\/www.kliux.com\/wp-content\/uploads\/2014\/03\/galeria_kliux_baraldes_01.jpg\"><img loading=\"lazy\" decoding=\"async\" class=\"size-thumbnail wp-image-3927\" title=\"Aerogenerador Kliux \" src=\"https:\/\/www.kliux.com\/wp-content\/uploads\/2014\/03\/galeria_kliux_baraldes_01-150x150.jpg\" alt=\"Aerogenerador Kliux \" width=\"150\" height=\"150\" \/><\/a><\/td>\n<td style=\"text-align: center;\" width=\"25%\"><a href=\"https:\/\/www.kliux.com\/wp-content\/uploads\/2014\/03\/galeria_kliux_baraldes_02.jpg\"><img loading=\"lazy\" decoding=\"async\" class=\"size-thumbnail wp-image-3928\" title=\"Aerogenerador Kliux \" src=\"https:\/\/www.kliux.com\/wp-content\/uploads\/2014\/03\/galeria_kliux_baraldes_02-150x150.jpg\" alt=\"Aerogenerador Kliux \" width=\"150\" height=\"150\" \/><\/a><\/td>\n<td style=\"text-align: center;\" width=\"25%\"><a href=\"https:\/\/www.kliux.com\/wp-content\/uploads\/2014\/03\/galeria_kliux_baraldes_03.jpg\"><img loading=\"lazy\" decoding=\"async\" class=\"size-thumbnail wp-image-3929\" title=\"Aerogenerador Kliux \" src=\"https:\/\/www.kliux.com\/wp-content\/uploads\/2014\/03\/galeria_kliux_baraldes_03-150x150.jpg\" alt=\"Aerogenerador Kliux \" width=\"150\" height=\"150\" \/><\/a><\/td>\n<td style=\"text-align: center;\" width=\"25%\"><a href=\"https:\/\/www.kliux.com\/wp-content\/uploads\/2014\/03\/galeria_kliux_baraldes_04.jpg\"><img loading=\"lazy\" decoding=\"async\" class=\"size-thumbnail wp-image-3930\" title=\"Aerogenerador Kliux \" src=\"https:\/\/www.kliux.com\/wp-content\/uploads\/2014\/03\/galeria_kliux_baraldes_04-150x150.jpg\" alt=\"Aerogenerador Kliux \" width=\"150\" height=\"150\" \/><\/a><\/td>\n<\/tr>\n<tr>\n<td style=\"text-align: center;\" width=\"25%\"><a href=\"https:\/\/www.kliux.com\/wp-content\/uploads\/2014\/03\/galeria_kliux_baraldes_05.jpg\"><img loading=\"lazy\" decoding=\"async\" class=\"size-thumbnail wp-image-3931\" title=\"Aerogenerador Kliux \" src=\"https:\/\/www.kliux.com\/wp-content\/uploads\/2014\/03\/galeria_kliux_baraldes_05-150x150.jpg\" alt=\"Aerogenerador Kliux \" width=\"150\" height=\"150\" \/><\/a><\/td>\n<td style=\"text-align: center;\" width=\"25%\"><a href=\"https:\/\/www.kliux.com\/wp-content\/uploads\/2014\/03\/galeria_kliux_baraldes_06.jpg\"><img loading=\"lazy\" decoding=\"async\" class=\"size-thumbnail wp-image-3932\" title=\"Aerogenerador Kliux \" src=\"https:\/\/www.kliux.com\/wp-content\/uploads\/2014\/03\/galeria_kliux_baraldes_06-150x150.jpg\" alt=\"Aerogenerador Kliux \" width=\"150\" height=\"150\" \/><\/a><\/td>\n<td style=\"text-align: center;\" width=\"25%\"><a href=\"https:\/\/www.kliux.com\/wp-content\/uploads\/2014\/03\/galeria_kliux_baraldes_07.jpg\"><img loading=\"lazy\" decoding=\"async\" class=\"size-thumbnail wp-image-3933\" title=\"Aerogenerador Kliux \" src=\"https:\/\/www.kliux.com\/wp-content\/uploads\/2014\/03\/galeria_kliux_baraldes_07-150x150.jpg\" alt=\"Aerogenerador Kliux \" width=\"150\" height=\"150\" \/><\/a><\/td>\n<td style=\"text-align: center;\" width=\"25%\"><a href=\"https:\/\/www.kliux.com\/wp-content\/uploads\/2014\/03\/galeria_kliux_baraldes_08.jpg\"><img loading=\"lazy\" decoding=\"async\" class=\"size-thumbnail wp-image-3934\" title=\"Aerogenerador Kliux \" src=\"https:\/\/www.kliux.com\/wp-content\/uploads\/2014\/03\/galeria_kliux_baraldes_08-150x150.jpg\" alt=\"Aerogenerador Kliux \" width=\"150\" height=\"150\" \/><\/a><\/td>\n<\/tr>\n<tr>\n<td style=\"text-align: center;\" width=\"25%\"><a href=\"https:\/\/www.kliux.com\/wp-content\/uploads\/2014\/03\/galeria_kliux_baraldes_09.jpg\"><img loading=\"lazy\" decoding=\"async\" class=\"size-thumbnail wp-image-3935\" title=\"Aerogenerador Kliux \" src=\"https:\/\/www.kliux.com\/wp-content\/uploads\/2014\/03\/galeria_kliux_baraldes_09-150x150.jpg\" alt=\"Aerogenerador Kliux \" width=\"150\" height=\"150\" \/><\/a><\/td>\n<td style=\"text-align: center;\" width=\"25%\"><a href=\"https:\/\/www.kliux.com\/wp-content\/uploads\/2014\/03\/galeria_kliux_baraldes_10.jpg\"><img loading=\"lazy\" decoding=\"async\" class=\"size-thumbnail wp-image-3936\" title=\"Aerogenerador Kliux \" src=\"https:\/\/www.kliux.com\/wp-content\/uploads\/2014\/03\/galeria_kliux_baraldes_10-150x150.jpg\" alt=\"Aerogenerador Kliux \" width=\"150\" height=\"150\" \/><\/a><\/td>\n<td style=\"text-align: center;\" width=\"25%\"><a href=\"https:\/\/www.kliux.com\/wp-content\/uploads\/2014\/03\/galeria_kliux_baraldes_11.jpg\"><img loading=\"lazy\" decoding=\"async\" class=\"size-thumbnail wp-image-3937\" title=\"Aerogenerador Kliux \" src=\"https:\/\/www.kliux.com\/wp-content\/uploads\/2014\/03\/galeria_kliux_baraldes_11-150x150.jpg\" alt=\"Aerogenerador Kliux \" width=\"150\" height=\"150\" \/><\/a><\/td>\n<td style=\"text-align: center;\" width=\"25%\"><a href=\"https:\/\/www.kliux.com\/wp-content\/uploads\/2014\/03\/galeria_kliux_baraldes_12.jpg\"><img loading=\"lazy\" decoding=\"async\" class=\"size-thumbnail wp-image-3938\" title=\"Aerogenerador Kliux \" src=\"https:\/\/www.kliux.com\/wp-content\/uploads\/2014\/03\/galeria_kliux_baraldes_12-150x150.jpg\" alt=\"Aerogenerador Kliux \" width=\"150\" height=\"150\" \/><\/a><\/td>\n<\/tr>\n<tr>\n<td style=\"text-align: center;\" width=\"25%\"><a href=\"https:\/\/www.kliux.com\/wp-content\/uploads\/2014\/03\/galeria_kliux_baraldes_13.jpg\"><img loading=\"lazy\" decoding=\"async\" class=\"size-thumbnail wp-image-3939\" title=\"Aerogenerador Kliux \" src=\"https:\/\/www.kliux.com\/wp-content\/uploads\/2014\/03\/galeria_kliux_baraldes_13-150x150.jpg\" alt=\"Aerogenerador Kliux \" width=\"150\" height=\"150\" \/><\/a><\/td>\n<td style=\"text-align: center;\" width=\"25%\"><a href=\"https:\/\/www.kliux.com\/wp-content\/uploads\/2014\/03\/galeria_kliux_baraldes_14.jpg\"><img loading=\"lazy\" decoding=\"async\" class=\"size-thumbnail wp-image-3940\" title=\"Aerogenerador Kliux \" src=\"https:\/\/www.kliux.com\/wp-content\/uploads\/2014\/03\/galeria_kliux_baraldes_14-150x150.jpg\" alt=\"Aerogenerador Kliux \" width=\"150\" height=\"150\" \/><\/a><\/td>\n<td style=\"text-align: center;\" width=\"25%\"><a href=\"https:\/\/www.kliux.com\/wp-content\/uploads\/2014\/03\/galeria_kliux_baraldes_15.jpg\"><img loading=\"lazy\" decoding=\"async\" class=\"size-thumbnail wp-image-3941\" title=\"Aerogenerador Kliux \" src=\"https:\/\/www.kliux.com\/wp-content\/uploads\/2014\/03\/galeria_kliux_baraldes_15-150x150.jpg\" alt=\"Aerogenerador Kliux \" width=\"150\" height=\"150\" \/><\/a><\/td>\n<td style=\"text-align: center;\" width=\"25%\"><a href=\"https:\/\/www.kliux.com\/wp-content\/uploads\/2014\/03\/galeria_kliux_baraldes_16.jpg\"><img loading=\"lazy\" decoding=\"async\" class=\"size-thumbnail wp-image-3942\" title=\"Aerogenerador Kliux \" src=\"https:\/\/www.kliux.com\/wp-content\/uploads\/2014\/03\/galeria_kliux_baraldes_16-150x150.jpg\" alt=\"Aerogenerador Kliux \" width=\"150\" height=\"150\" \/><\/a><\/td>\n<\/tr>\n<\/tbody>\n<\/table>\n<h3>VIDEO<\/h3>\n<table style=\"margin-top: -10px;\">\n<tbody>\n<tr>\n<td><a title=\"Instalaci\u00f3n Kliux Energies en Hermanos Barald\u00e9s, Castell\u00f3n\" href=\"https:\/\/www.youtube.com\/watch?v=pacHGwOGDBY&amp;list=UU70_ityRwe_crZh4uE2_7Vw\" target=\"_blank\" rel=\"noopener\"><br \/>\n<img loading=\"lazy\" decoding=\"async\" class=\"aligncenter size-full wp-image-3943\" title=\"Hermanos Baraldes\" src=\"https:\/\/www.kliux.com\/wp-content\/uploads\/2014\/03\/video-baraldes.jpg\" alt=\"\" width=\"315\" height=\"210\" srcset=\"https:\/\/www.kliux.com\/wp-content\/uploads\/2014\/03\/video-baraldes.jpg 315w, https:\/\/www.kliux.com\/wp-content\/uploads\/2014\/03\/video-baraldes-300x200.jpg 300w\" sizes=\"(max-width: 315px) 100vw, 315px\" \/><\/a><\/td>\n<td>&nbsp;<\/p>\n<p>&nbsp;<\/td>\n<\/tr>\n<\/tbody>\n<\/table>\n<p>&nbsp;<\/p>\n<table border=\"0\">\n<tbody>\n<tr>\n<td colspan=\"2\">\n<h3>DOWNLOADS<\/h3>\n<\/td>\n<\/tr>\n<tr>\n<td colspan=\"2\"><img loading=\"lazy\" decoding=\"async\" title=\"Download pdf\" src=\"https:\/\/www.kliux.com\/wp-content\/uploads\/2012\/10\/ico_pdf_16x16.jpg\" alt=\"\" width=\"16\" height=\"16\" \/> <a href=\"https:\/\/www.kliux.com\/wp-content\/uploads\/2022\/01\/Technical-DataSheet-KLiUX-Zebra.pdf\" target=\"_blank\" rel=\"noopener\">Technical sheet &#8211; \u00a0Kliux Zebra<\/a><\/td>\n<\/tr>\n<tr>\n<td><a title=\"Technical Sheet - Kliux Geo 1800\" href=\"https:\/\/www.kliux.com\/wp-content\/uploads\/2012\/10\/Ficha-tecnica-geo-1800_EN.pdf\" target=\"_blank\" rel=\"noopener\"><img loading=\"lazy\" decoding=\"async\" title=\"Download pdf\" src=\"https:\/\/www.kliux.com\/wp-content\/uploads\/2012\/10\/ico_pdf_16x16.jpg\" alt=\"\" width=\"16\" height=\"16\" \/><\/a> <a title=\"Technical sheet - Kliux Hybrid System\" href=\"https:\/\/www.kliux.com\/wp-content\/uploads\/2011\/03\/Ficha-tecnica-sistema-hibrido_EN.pdf\" target=\"_blank\" rel=\"noopener\">Technical sheet &#8211; Kliux Hybrid System<\/a><\/td>\n<\/tr>\n<tr>\n<td><\/td>\n<\/tr>\n<\/tbody>\n<\/table>\n<table border=\"0\">\n<tbody>\n<tr>\n<td colspan=\"2\">\n<h3>FOR MORE INFORMATION<\/h3>\n<\/td>\n<\/tr>\n<tr>\n<td colspan=\"2\">For media and stakeholders and email information<\/td>\n<\/tr>\n<tr>\n<td>\n<ul>\n<li><a style=\"line-height: 19px;\" href=\"mailto:info@kliux.com\">info@kliux.com<\/a><\/li>\n<\/ul>\n<\/td>\n<td>&nbsp;<\/td>\n<\/tr>\n<tr>\n<td colspan=\"2\">You can see some facilities created by Kliux Energies<\/td>\n<\/tr>\n<tr>\n<td>\n<ul>\n<li><a style=\"line-height: 19px;\" title=\"Bayer MaterialScience\" href=\"https:\/\/www.kliux.com\/en\/instalaciones\/instalaciones-realizadas\/bayer- materialscience-tarragona\/\" target=\"_blank\" rel=\"noopener\">Bayer MaterialScience, Tarragona<\/a><\/li>\n<\/ul>\n<\/td>\n<td>\n<ul>\n<li><span style=\"line-height: 19px;\"><a href=\"https:\/\/www.kliux.com\/en\/instalaciones\/instalaciones-realizadas\/club-nautico-de-porto-novo-galicia\/\">Puerto de Portonovo, Galicia<\/a><\/span><\/li>\n<\/ul>\n<\/td>\n<\/tr>\n<\/tbody>\n<\/table>\n<table>\n<tbody>\n<tr>\n<td colspan=\"2\">\n<h3>TAILOR MADE PROJECT<\/h3>\n<\/td>\n<\/tr>\n<tr>\n<td>\n<ul>\n<li>Feasibility study of the site and size required<\/li>\n<li>A proposal that meets your needs<\/li>\n<\/ul>\n<\/td>\n<td>\n<ul>\n<li>Managing permits and aids<\/li>\n<li>Planning and execution of the installation<\/li>\n<\/ul>\n<\/td>\n<\/tr>\n<tr>\n<td style=\"text-align: right;\" colspan=\"2\"><a href=\"https:\/\/www.kliux.com\/en\/contacta\/\">Request an estimate<\/a><\/td>\n<\/tr>\n<\/tbody>\n<\/table>\n<p><\/p>","protected":false},"excerpt":{"rendered":"<p>VIDEO &nbsp; &nbsp; &nbsp; DOWNLOADS Technical sheet &#8211; \u00a0Kliux Zebra Technical sheet &#8211; Kliux Hybrid System FOR MORE INFORMATION For media and stakeholders and email information info@kliux.com &nbsp; You can see some facilities created by Kliux Energies Bayer MaterialScience, Tarragona Puerto de Portonovo, Galicia TAILOR MADE PROJECT Feasibility study of the site and size required&#8230;<\/p>\n","protected":false},"author":1,"featured_media":0,"parent":561,"menu_order":0,"comment_status":"closed","ping_status":"closed","template":"","meta":{"inline_featured_image":false,"_monsterinsights_skip_tracking":false,"_monsterinsights_sitenote_active":false,"_monsterinsights_sitenote_note":"","_monsterinsights_sitenote_category":0,"_kadence_starter_templates_imported_post":false,"footnotes":""},"_links":{"self":[{"href":"https:\/\/www.kliux.com\/en\/wp-json\/wp\/v2\/pages\/3924"}],"collection":[{"href":"https:\/\/www.kliux.com\/en\/wp-json\/wp\/v2\/pages"}],"about":[{"href":"https:\/\/www.kliux.com\/en\/wp-json\/wp\/v2\/types\/page"}],"author":[{"embeddable":true,"href":"https:\/\/www.kliux.com\/en\/wp-json\/wp\/v2\/users\/1"}],"replies":[{"embeddable":true,"href":"https:\/\/www.kliux.com\/en\/wp-json\/wp\/v2\/comments?post=3924"}],"version-history":[{"count":13,"href":"https:\/\/www.kliux.com\/en\/wp-json\/wp\/v2\/pages\/3924\/revisions"}],"predecessor-version":[{"id":4505,"href":"https:\/\/www.kliux.com\/en\/wp-json\/wp\/v2\/pages\/3924\/revisions\/4505"}],"up":[{"embeddable":true,"href":"https:\/\/www.kliux.com\/en\/wp-json\/wp\/v2\/pages\/561"}],"wp:attachment":[{"href":"https:\/\/www.kliux.com\/en\/wp-json\/wp\/v2\/media?parent=3924"}],"curies":[{"name":"wp","href":"https:\/\/api.w.org\/{rel}","templated":true}]}}