{"id":2,"date":"2011-03-21T21:18:47","date_gmt":"2011-03-21T21:18:47","guid":{"rendered":"https:\/\/www.kliux.com\/?page_id=2"},"modified":"2024-03-27T18:38:15","modified_gmt":"2024-03-27T16:38:15","slug":"inicio","status":"publish","type":"page","link":"https:\/\/www.kliux.com\/en\/","title":{"rendered":"Home"},"content":{"rendered":"<p><a title=\"New Kliux Zebra\" href=\"https:\/\/www.kliux.com\/en\/productos\/aerogenerador-de-eje-vertical\/\"><br \/>\n<img loading=\"lazy\" decoding=\"async\" class=\"alignleft size-full wp-image-3826\" title=\"New Kliux Zebra\" src=\"https:\/\/www.kliux.com\/wp-content\/uploads\/2011\/03\/new_kliux_zebra.jpg\" alt=\"\" width=\"640\" height=\"325\" srcset=\"https:\/\/www.kliux.com\/wp-content\/uploads\/2011\/03\/new_kliux_zebra.jpg 640w, https:\/\/www.kliux.com\/wp-content\/uploads\/2011\/03\/new_kliux_zebra-300x152.jpg 300w\" sizes=\"(max-width: 640px) 100vw, 640px\" \/> <\/a><\/p>\n<table width=\"640\">\n<tbody>\n<tr valign=\"top\">\n<td width=\"310\">\n<table>\n<tbody>\n<tr>\n<td>\n<h2>ABOUT KLiUX ENERGIES<\/h2>\n<\/td>\n<\/tr>\n<tr>\n<td><strong>KLiUX Energies<\/strong> is a technology focus company with a global presence in <strong>distributed energy solutions<\/strong> and the development of energy solutions at site of use, tailor-made to the client\u2019s specifics needs.<\/p>\n<p style=\"text-align: left;\"><strong>Kliux<\/strong> manufactures and\u00a0commercializes worldwide proprietary patented\u00a0<strong> vertical-axis wind turbine <\/strong>technology, such their\u00a0the\u00a0<strong>Kliux Zebra 2kW-4kW, Kliux Dragon 5kW- 10kW and Kliux Eagle 12kW-15kW<\/strong> among other models, which may also be integrated into <strong>hybrid\u00a0systems<\/strong> with solar photo voltaic modules.<\/p>\n<\/td>\n<\/tr>\n<tr>\n<td style=\"text-align: right;\"><a href=\"https:\/\/www.kliux.com\/en\/sobre-kliux-energies\/presentacion\/\">Read more about Kliux Energies<\/a><\/td>\n<\/tr>\n<\/tbody>\n<\/table>\n<\/td>\n<td width=\"20\"><\/td>\n<td width=\"310\">\n<table>\n<tbody>\n<tr>\n<td colspan=\"2\">\n<h2>NEWS<\/h2>\n<\/td>\n<\/tr>\n<tr>\n<td valign=\"top\"><img loading=\"lazy\" decoding=\"async\" title=\"60x60_spain_startup_kliux\" src=\"https:\/\/www.kliux.com\/wp-content\/uploads\/2011\/03\/60x60_spain_startup_kliux.jpg\" alt=\"Kliux Energies reconocida como una de las empresas tecnol\u00f3gicas con m\u00e1s proyecci\u00f3n por Spain Startup&amp;Investor Summit\" width=\"60\" height=\"60\" \/><\/td>\n<td valign=\"top\"><a href=\"https:\/\/www.kliux.com\/en\/2013\/10\/14\/kliux-energies-reconocida-como-una-de-las-empresas-tecnologicas-con-mas-proyeccion-por-spain-startupinvestor-summit\/\">Kliux Energies was one of the finalists in the prestigious competition Spain StartUp &amp; Investor Summit<\/a><\/td>\n<\/tr>\n<tr>\n<td valign=\"top\"><img loading=\"lazy\" decoding=\"async\" title=\"news_windpower13_60x60\" src=\"https:\/\/www.kliux.com\/wp-content\/uploads\/2011\/03\/news_windpower13_60x60.jpg\" alt=\"\" width=\"60\" height=\"60\" \/><\/td>\n<td valign=\"top\">\n<p style=\"text-align: left;\"><a href=\"https:\/\/www.kliux.com\/en\/2013\/05\/02\/kliux-energies-expone-su-aerogenerador-geo-1800en-windpower-2013-en-chicago\/\">Eco-friendly vertical-axis Kliux Geo 1800 will be featured at 2013 Windpower conference &amp; exposition<\/a><\/p>\n<\/td>\n<\/tr>\n<tr>\n<td valign=\"top\"><img loading=\"lazy\" decoding=\"async\" title=\"news_eerr_60x60\" src=\"https:\/\/www.kliux.com\/wp-content\/uploads\/2011\/03\/news_eerr_60x60.jpg\" alt=\"\" width=\"60\" height=\"60\" \/><\/td>\n<td valign=\"top\">\n<p style=\"text-align: left;\"><a title=\"article published in the magazine &quot;Renewable Energy&quot;\" href=\"https:\/\/www.kliux.com\/en\/2012\/11\/07\/articulo-energias-renovables-kliux-energies\/\">El aerogenerador que vuela en silencio: an article published in the magazine \u201cRenewable Energy\u201d<\/a><\/p>\n<\/td>\n<\/tr>\n<tr>\n<td style=\"text-align: right;\" colspan=\"2\"><a title=\"Read all news\" href=\"https:\/\/www.kliux.com\/en\/actualidad\/\">Read all news<\/a><\/td>\n<\/tr>\n<\/tbody>\n<\/table>\n<\/td>\n<\/tr>\n<\/tbody>\n<\/table>\n<p>&nbsp;<\/p>","protected":false},"excerpt":{"rendered":"<p>ABOUT KLiUX ENERGIES KLiUX Energies is a technology focus company with a global presence in distributed energy solutions and the development of energy solutions at site of use, tailor-made to the client\u2019s specifics needs. Kliux manufactures and\u00a0commercializes worldwide proprietary patented\u00a0 vertical-axis wind turbine technology, such their\u00a0the\u00a0Kliux Zebra 2kW-4kW, Kliux Dragon 5kW- 10kW and Kliux Eagle&#8230;<\/p>\n","protected":false},"author":1,"featured_media":0,"parent":0,"menu_order":1,"comment_status":"closed","ping_status":"closed","template":"","meta":{"inline_featured_image":false,"_monsterinsights_skip_tracking":false,"_monsterinsights_sitenote_active":false,"_monsterinsights_sitenote_note":"","_monsterinsights_sitenote_category":0,"_kadence_starter_templates_imported_post":false,"footnotes":""},"_links":{"self":[{"href":"https:\/\/www.kliux.com\/en\/wp-json\/wp\/v2\/pages\/2"}],"collection":[{"href":"https:\/\/www.kliux.com\/en\/wp-json\/wp\/v2\/pages"}],"about":[{"href":"https:\/\/www.kliux.com\/en\/wp-json\/wp\/v2\/types\/page"}],"author":[{"embeddable":true,"href":"https:\/\/www.kliux.com\/en\/wp-json\/wp\/v2\/users\/1"}],"replies":[{"embeddable":true,"href":"https:\/\/www.kliux.com\/en\/wp-json\/wp\/v2\/comments?post=2"}],"version-history":[{"count":62,"href":"https:\/\/www.kliux.com\/en\/wp-json\/wp\/v2\/pages\/2\/revisions"}],"predecessor-version":[{"id":5214,"href":"https:\/\/www.kliux.com\/en\/wp-json\/wp\/v2\/pages\/2\/revisions\/5214"}],"wp:attachment":[{"href":"https:\/\/www.kliux.com\/en\/wp-json\/wp\/v2\/media?parent=2"}],"curies":[{"name":"wp","href":"https:\/\/api.w.org\/{rel}","templated":true}]}}