{"id":1056,"date":"2011-10-19T09:55:33","date_gmt":"2011-10-19T07:55:33","guid":{"rendered":"https:\/\/www.kliux.com\/?page_id=1056"},"modified":"2014-05-26T11:49:01","modified_gmt":"2014-05-26T09:49:01","slug":"instalaciones-realizadas","status":"publish","type":"page","link":"https:\/\/www.kliux.com\/en\/instalaciones\/instalaciones-realizadas\/","title":{"rendered":"Installations"},"content":{"rendered":"<p><\/p>\n<h3 style=\"text-align: justify;\"><a style=\"text-decoration: none; color: #84ac25;\" title=\"Tecnun, Universidad de Navarra\" href=\"https:\/\/www.kliux.com\/en\/instalaciones\/instalaciones-realizadas\/tecnun-universidad-de-navarra-san-sebastian-guipuzcoa\/\"><br \/>\n<img loading=\"lazy\" decoding=\"async\" class=\"alignleft size-full wp-image-4062\" title=\"Tecnun. Universidad de Navarrra\" src=\"https:\/\/www.kliux.com\/wp-content\/uploads\/2011\/10\/logos_instalaciones_tecnun.jpg\" alt=\"Tecnun. Universidad de Navarrra\" width=\"132\" height=\"131\" \/><strong><br \/>\nTecnun, Universidad de Navarra<br \/>\n<\/strong><br \/>\n<\/a><\/h3>\n<p>The installation was inaugurated on <strong>May 16, 2014<\/strong>, is an educational and research purpose for students, thanks to the agreement with Geolica Innovations -Kliux Energies.<\/p>\n<p style=\"text-align: right;\"><a title=\"Tecnun, Universidad de Navarra\" href=\"https:\/\/www.kliux.com\/en\/instalaciones\/instalaciones-realizadas\/tecnun-universidad-de-navarra-san-sebastian-guipuzcoa\/\">Read more<\/a><\/p>\n<p style=\"text-align: justify;\">&nbsp;<\/p>\n<p><img loading=\"lazy\" decoding=\"async\" class=\"aligncenter size-full wp-image-300\" title=\"separador\" src=\"https:\/\/www.kliux.com\/wp-content\/uploads\/2011\/03\/separador1.jpg\" alt=\"\" width=\"639\" height=\"1\" srcset=\"https:\/\/www.kliux.com\/wp-content\/uploads\/2011\/03\/separador1.jpg 639w, https:\/\/www.kliux.com\/wp-content\/uploads\/2011\/03\/separador1-150x1.jpg 150w\" sizes=\"(max-width: 639px) 100vw, 639px\" \/><\/p>\n<h3 style=\"text-align: justify;\"><strong style=\"text-decoration: none; color: #84ac25;\"> <\/strong><a style=\"text-decoration: none; color: #84ac25;\" title=\"Hermanos Barald\u00e9s, Castell\u00f3n\" href=\"https:\/\/www.kliux.com\/en\/instalaciones\/instalaciones-realizadas\/hermanos-baraldes-onda-castellon\/\"><strong><img loading=\"lazy\" decoding=\"async\" class=\"alignleft size-full wp-image-3415\" title=\"Hermanos Barald\u00e9s\" src=\"https:\/\/www.kliux.com\/wp-content\/uploads\/2011\/10\/logo_baraldes.jpg\" alt=\"\" width=\"132\" height=\"131\" \/>Hermanos Barald\u00e9s, Castell\u00f3n<\/strong><\/a><\/h3>\n<p>Hermanos Barald\u00e9s are one of our distributors in the Levant area. They have installed\u00a0<strong>Kliux Hybrid System<\/strong> as a product showcase and example available in their catalog.<\/p>\n<p>&nbsp;<\/p>\n<p style=\"text-align: right;\"><a title=\"Hermanos Baraldes\" href=\"https:\/\/www.kliux.com\/en\/instalaciones\/instalaciones-realizadas\/hermanos-baraldes-onda-castellon\/\">Read more<\/a><\/p>\n<p style=\"text-align: justify;\">&nbsp;<\/p>\n<p><img loading=\"lazy\" decoding=\"async\" class=\"aligncenter size-full wp-image-300\" title=\"separador\" src=\"https:\/\/www.kliux.com\/wp-content\/uploads\/2011\/03\/separador1.jpg\" alt=\"\" width=\"639\" height=\"1\" srcset=\"https:\/\/www.kliux.com\/wp-content\/uploads\/2011\/03\/separador1.jpg 639w, https:\/\/www.kliux.com\/wp-content\/uploads\/2011\/03\/separador1-150x1.jpg 150w\" sizes=\"(max-width: 639px) 100vw, 639px\" \/><\/p>\n<h3 style=\"text-align: justify;\"><strong style=\"text-decoration: none; color: #84ac25;\"> <\/strong><a style=\"text-decoration: none; color: #84ac25;\" title=\"Dolmar, La Rioja\" href=\"https:\/\/www.kliux.com\/en\/instalaciones\/instalaciones-realizadas\/alcaidesa-links-golf-resort\/\"><strong><img loading=\"lazy\" decoding=\"async\" class=\"alignleft size-full wp-image-3415\" title=\"Alcaidesa Links Golf Resort\" src=\"https:\/\/www.kliux.com\/wp-content\/uploads\/2011\/10\/alcaidesa_60x60.jpg\" alt=\"\" width=\"132\" height=\"131\" \/>Alcaidesa Links Golf Resort, C\u00e1diz<\/strong><\/a><\/h3>\n<p>First installation of a Kliux system in Andalusia thanks to the commercial agreement with Gestiona Innovaci\u00f3n.<\/p>\n<p>&nbsp;<\/p>\n<p style=\"text-align: right;\"><a title=\"Alcaidesa Links Golf Resort\" href=\"https:\/\/www.kliux.com\/en\/instalaciones\/instalaciones-realizadas\/alcaidesa-links-golf-resort\/\">Read more<\/a><\/p>\n<p style=\"text-align: justify;\">&nbsp;<\/p>\n<p><img loading=\"lazy\" decoding=\"async\" class=\"aligncenter size-full wp-image-300\" title=\"separador\" src=\"https:\/\/www.kliux.com\/wp-content\/uploads\/2011\/03\/separador1.jpg\" alt=\"\" width=\"639\" height=\"1\" srcset=\"https:\/\/www.kliux.com\/wp-content\/uploads\/2011\/03\/separador1.jpg 639w, https:\/\/www.kliux.com\/wp-content\/uploads\/2011\/03\/separador1-150x1.jpg 150w\" sizes=\"(max-width: 639px) 100vw, 639px\" \/><\/p>\n<h3 style=\"text-align: justify;\"><strong style=\"text-decoration: none; color: #84ac25;\"> <\/strong><a style=\"text-decoration: none; color: #84ac25;\" title=\"Dolmar, La Rioja\" href=\"https:\/\/www.kliux.com\/en\/instalaciones\/instalaciones-realizadas\/dolmar-la-rioja\/\"><strong><img loading=\"lazy\" decoding=\"async\" class=\"alignleft size-full wp-image-2513\" title=\"instalacion_dolmar\" src=\"https:\/\/www.kliux.com\/wp-content\/uploads\/2011\/10\/instalacion_dolmar.jpg\" alt=\"Dolmar, La Rioja, Spain\" width=\"132\" height=\"131\" \/>Dolmar, La Rioja, Spain<\/strong><\/a><\/h3>\n<p>Kliux Energies has carried out a new hybrid installation to obtain wind and solar power to provide energy to the Dolmar wine and food test laboratory<span style=\"text-align: justify;\">.<\/span><\/p>\n<p style=\"text-align: right;\">&nbsp;<\/p>\n<p style=\"text-align: right;\"><a title=\"Dolmar, La Rioja\" href=\"https:\/\/www.kliux.com\/en\/instalaciones\/instalaciones-realizadas\/dolmar-la-rioja\/\">Read more<\/a><\/p>\n<p style=\"text-align: justify;\">&nbsp;<\/p>\n<p><img loading=\"lazy\" decoding=\"async\" class=\"aligncenter size-full wp-image-300\" title=\"separador\" src=\"https:\/\/www.kliux.com\/wp-content\/uploads\/2011\/03\/separador1.jpg\" alt=\"\" width=\"639\" height=\"1\" srcset=\"https:\/\/www.kliux.com\/wp-content\/uploads\/2011\/03\/separador1.jpg 639w, https:\/\/www.kliux.com\/wp-content\/uploads\/2011\/03\/separador1-150x1.jpg 150w\" sizes=\"(max-width: 639px) 100vw, 639px\" \/><\/p>\n<h3 style=\"text-align: justify;\"><strong style=\"text-decoration: none; color: #84ac25;\"> <\/strong><a style=\"text-decoration: none; color: #84ac25;\" title=\"Universidad de Zaragoza CIRCE\" href=\"https:\/\/www.kliux.com\/en\/instalaciones\/instalaciones-realizadas\/universidad-de-zaragoza-circe\/\"><strong><img loading=\"lazy\" decoding=\"async\" class=\"alignleft size-full wp-image-2514\" title=\"instalacion_circe\" src=\"https:\/\/www.kliux.com\/wp-content\/uploads\/2011\/10\/instalacion_circe.jpg\" alt=\"Circe, Zaragoza, Spain\" width=\"132\" height=\"131\" \/>Universidad de Zaragoza CIRCE, Spain<\/strong><\/a><\/h3>\n<p>The first installation of a Vertical axis wind turbine (VAWT) Geo 4K in Aragon<span style=\"text-align: justify;\">.<\/span><\/p>\n<p style=\"text-align: right;\">&nbsp;<\/p>\n<p style=\"text-align: right;\">&nbsp;<\/p>\n<p style=\"text-align: right;\"><a title=\"Universidad de Zaragoza CIRCE\" href=\"https:\/\/www.kliux.com\/en\/instalaciones\/instalaciones-realizadas\/universidad-de-zaragoza-circe\/\">Read more<\/a><\/p>\n<p style=\"text-align: justify;\">&nbsp;<\/p>\n<p><img loading=\"lazy\" decoding=\"async\" class=\"aligncenter size-full wp-image-300\" title=\"separador\" src=\"https:\/\/www.kliux.com\/wp-content\/uploads\/2011\/03\/separador1.jpg\" alt=\"\" width=\"639\" height=\"1\" srcset=\"https:\/\/www.kliux.com\/wp-content\/uploads\/2011\/03\/separador1.jpg 639w, https:\/\/www.kliux.com\/wp-content\/uploads\/2011\/03\/separador1-150x1.jpg 150w\" sizes=\"(max-width: 639px) 100vw, 639px\" \/><\/p>\n<h3 style=\"text-align: justify;\"><strong style=\"text-decoration: none; color: #84ac25;\"><a style=\"text-decoration: none; color: #84ac25;\" title=\"Club N\u00e1utico de Porto Novo, Galicia\" href=\"https:\/\/www.kliux.com\/en\/instalaciones\/instalaciones-realizadas\/club-nautico-de-porto-novo-galicia\/\"><img loading=\"lazy\" decoding=\"async\" class=\"alignleft size-full wp-image-2508\" title=\"instalacion_portonovo\" src=\"https:\/\/www.kliux.com\/wp-content\/uploads\/2011\/10\/instalacion_portonovo.jpg\" alt=\"Club N\u00e1utico de Portonovo, Galicia, Spain\" width=\"132\" height=\"131\" \/><\/a><\/strong><a style=\"text-decoration: none; color: #84ac25;\" title=\"Club N\u00e1utico de Porto Novo, Galicia\" href=\"https:\/\/www.kliux.com\/en\/instalaciones\/instalaciones-realizadas\/club-nautico-de-porto-novo-galicia\/\"><strong>Club N\u00e1utico de Porto Novo, Galicia<\/strong><\/a><\/h3>\n<p>This installation is in fact the first of its kind (first VAWT installation in a Yacht Club), and relies on an innovative system to take advantage of wind power to obtain electricity.<\/p>\n<p style=\"text-align: justify;\">Reference model to be applied for the other ports facilities in Galicia as well as coastal walks.<\/p>\n<p style=\"text-align: right;\"><a title=\"Club N\u00e1utico de Porto Novo, Galicia\" href=\"https:\/\/www.kliux.com\/en\/instalaciones\/instalaciones-realizadas\/club-nautico-de-porto-novo-galicia\/\">Read more<\/a><\/p>\n<p><img loading=\"lazy\" decoding=\"async\" class=\"aligncenter size-full wp-image-300\" title=\"separador\" src=\"https:\/\/www.kliux.com\/wp-content\/uploads\/2011\/03\/separador1.jpg\" alt=\"\" width=\"639\" height=\"1\" srcset=\"https:\/\/www.kliux.com\/wp-content\/uploads\/2011\/03\/separador1.jpg 639w, https:\/\/www.kliux.com\/wp-content\/uploads\/2011\/03\/separador1-150x1.jpg 150w\" sizes=\"(max-width: 639px) 100vw, 639px\" \/><\/p>\n<p><strong> <a style=\"text-decoration: none; color: #84ac25;\" title=\"Rioja Alta Gold, Cirue\u00f1a, La Rioja\" href=\"https:\/\/www.kliux.com\/en\/instalaciones\/instalaciones-realizadas\/rioja-alta-golf-ciruena-la-rioja\/\"><strong><strong> <\/strong><\/strong><\/a><br \/>\n<a style=\"text-decoration: none; color: #84ac25;\" title=\"Rioja Alta Gold, Cirue\u00f1a, La Rioja\" href=\"https:\/\/www.kliux.com\/en\/instalaciones\/instalaciones-realizadas\/rioja-alta-golf-ciruena-la-rioja\/\"><strong><strong><img loading=\"lazy\" decoding=\"async\" class=\"size-full wp-image-2509 alignleft\" title=\"instalacion_rioja_alta\" src=\"https:\/\/www.kliux.com\/wp-content\/uploads\/2011\/10\/instalacion_rioja_alta.jpg\" alt=\"Rioja Alta Golf, La Rioja, Spain\" width=\"132\" height=\"131\" \/><\/strong><\/strong><\/a><br \/>\n<\/strong><strong style=\"text-decoration: none; color: #84ac25;\"><a style=\"text-decoration: none; color: #84ac25;\" title=\"Rioja Alta Gold, Cirue\u00f1a, La Rioja\" href=\"https:\/\/www.kliux.com\/en\/instalaciones\/instalaciones-realizadas\/rioja-alta-golf-ciruena-la-rioja\/\">Rioja Alta Golf, Cirue\u00f1a, La Rioja<\/a><\/strong><\/p>\n<p style=\"text-align: justify;\">This installation is in fact the first of its kind (first VAWT installation in a golf course), and relies on an innovative system to take advantage of wind power to obtain electricity, which is patented by Geolica Innovations, Kliux\u2019s R&amp;D laboratory.<\/p>\n<p><span style=\"text-align: justify;\">This particular installation is barely 5 yds. away from a marked trail of \u201cCamino de Santiago\u201d.<\/span><\/p>\n<p style=\"text-align: right;\"><a title=\"Rioja Alta Golf, Cirue\u00f1a, La Rioja\" href=\"https:\/\/www.kliux.com\/en\/instalaciones\/instalaciones-realizadas\/rioja-alta-golf-ciruena-la-rioja\/\">Read more<\/a><\/p>\n<p><img loading=\"lazy\" decoding=\"async\" class=\"aligncenter size-full wp-image-300\" title=\"separador\" src=\"https:\/\/www.kliux.com\/wp-content\/uploads\/2011\/03\/separador1.jpg\" alt=\"\" width=\"639\" height=\"1\" srcset=\"https:\/\/www.kliux.com\/wp-content\/uploads\/2011\/03\/separador1.jpg 639w, https:\/\/www.kliux.com\/wp-content\/uploads\/2011\/03\/separador1-150x1.jpg 150w\" sizes=\"(max-width: 639px) 100vw, 639px\" \/><\/p>\n<h3 style=\"text-align: justify;\"><a style=\"text-decoration: none; color: #84ac25;\" title=\"Universidad de La Rioja, Logro\u00f1o\" href=\"https:\/\/www.kliux.com\/en\/instalaciones\/instalaciones-realizadas\/universidad-de-la-rioja-logrono\/\"><strong><img loading=\"lazy\" decoding=\"async\" class=\"alignleft size-full wp-image-2510\" title=\"instalacion_UR\" src=\"https:\/\/www.kliux.com\/wp-content\/uploads\/2011\/10\/instalacion_UR.jpg\" alt=\"Universidad de La Rioja, Spain\" width=\"132\" height=\"131\" \/>Universidad de La Rioja, Logro\u00f1o<\/strong><\/a><\/h3>\n<p>In the intense framework of collaboration in R+D existing between Kliux and the UR this mini aerogenerator model is covered with potential for application on the roofs of urban buildings as well as its portability.<\/p>\n<p style=\"text-align: justify;\">Inaugurated by the Rector\u2019s office of the UR and Kliux on 27th June in the presence of the media.<\/p>\n<p style=\"text-align: right;\"><a title=\"Universidad de La Rioja, Logro\u00f1o\" href=\"https:\/\/www.kliux.com\/en\/instalaciones\/instalaciones-realizadas\/universidad-de-la-rioja-logrono\/\">Read More<\/a><\/p>\n<p><img loading=\"lazy\" decoding=\"async\" class=\"aligncenter size-full wp-image-300\" title=\"separador\" src=\"https:\/\/www.kliux.com\/wp-content\/uploads\/2011\/03\/separador1.jpg\" alt=\"\" width=\"639\" height=\"1\" srcset=\"https:\/\/www.kliux.com\/wp-content\/uploads\/2011\/03\/separador1.jpg 639w, https:\/\/www.kliux.com\/wp-content\/uploads\/2011\/03\/separador1-150x1.jpg 150w\" sizes=\"(max-width: 639px) 100vw, 639px\" \/><\/p>\n<h3 style=\"text-align: justify;\"><a style=\"text-decoration: none; color: #84ac25;\" title=\"Bayer MaterialScience, Tarragona\" href=\"https:\/\/www.kliux.com\/en\/instalaciones\/instalaciones-realizadas\/bayer-materialscience-tarragona\/\"><strong><img loading=\"lazy\" decoding=\"async\" class=\"alignleft size-full wp-image-2511\" title=\"instalacion_bayer\" src=\"https:\/\/www.kliux.com\/wp-content\/uploads\/2011\/10\/instalacion_bayer.jpg\" alt=\"Bayer MaterialScience\" width=\"132\" height=\"131\" \/>Bayer MaterialScience, Tarragona<\/strong><\/a><\/h3>\n<p>The first Toshiba\u2019s LED luminaire urban installation in Europe.<\/p>\n<p style=\"text-align: justify;\">Inaugurated by the Bayer International Division, Kliux, Toshiba and Teknika Lighting on 14th June 2011.<\/p>\n<p style=\"text-align: right;\"><a title=\"Bayer MaterialScience, Tarragona\" href=\"https:\/\/www.kliux.com\/en\/instalaciones\/instalaciones-realizadas\/bayer-materialscience-tarragona\/\">Read More<\/a><\/p>\n<\/p>\n<p><\/p>","protected":false},"excerpt":{"rendered":"<p>Tecnun, Universidad de Navarra The installation was inaugurated on May 16, 2014, is an educational and research purpose for students, thanks to the agreement with Geolica Innovations -Kliux Energies. Read more &nbsp; Hermanos Barald\u00e9s, Castell\u00f3n Hermanos Barald\u00e9s are one of our distributors in the Levant area. They have installed\u00a0Kliux Hybrid System as a product showcase&#8230;<\/p>\n","protected":false},"author":1,"featured_media":0,"parent":25,"menu_order":0,"comment_status":"closed","ping_status":"closed","template":"","meta":{"inline_featured_image":false,"_monsterinsights_skip_tracking":false,"_monsterinsights_sitenote_active":false,"_monsterinsights_sitenote_note":"","_monsterinsights_sitenote_category":0,"_kadence_starter_templates_imported_post":false,"footnotes":""},"_links":{"self":[{"href":"https:\/\/www.kliux.com\/en\/wp-json\/wp\/v2\/pages\/1056"}],"collection":[{"href":"https:\/\/www.kliux.com\/en\/wp-json\/wp\/v2\/pages"}],"about":[{"href":"https:\/\/www.kliux.com\/en\/wp-json\/wp\/v2\/types\/page"}],"author":[{"embeddable":true,"href":"https:\/\/www.kliux.com\/en\/wp-json\/wp\/v2\/users\/1"}],"replies":[{"embeddable":true,"href":"https:\/\/www.kliux.com\/en\/wp-json\/wp\/v2\/comments?post=1056"}],"version-history":[{"count":36,"href":"https:\/\/www.kliux.com\/en\/wp-json\/wp\/v2\/pages\/1056\/revisions"}],"predecessor-version":[{"id":1060,"href":"https:\/\/www.kliux.com\/en\/wp-json\/wp\/v2\/pages\/1056\/revisions\/1060"}],"up":[{"embeddable":true,"href":"https:\/\/www.kliux.com\/en\/wp-json\/wp\/v2\/pages\/25"}],"wp:attachment":[{"href":"https:\/\/www.kliux.com\/en\/wp-json\/wp\/v2\/media?parent=1056"}],"curies":[{"name":"wp","href":"https:\/\/api.w.org\/{rel}","templated":true}]}}